{"id":316,"date":"2012-06-10T16:38:28","date_gmt":"2012-06-10T16:38:28","guid":{"rendered":"https:\/\/www.unterlass.info\/EN\/?page_id=316"},"modified":"2025-12-22T12:06:42","modified_gmt":"2025-12-22T12:06:42","slug":"faq","status":"publish","type":"page","link":"https:\/\/www.unterlass.info\/EN\/info\/faq\/","title":{"rendered":"Frequently Asked Questions"},"content":{"rendered":"<p>[et_pb_section fb_built=&#8221;1&#8243; fullwidth=&#8221;on&#8221; custom_padding_last_edited=&#8221;on|desktop&#8221; admin_label=&#8221;Section&#8221; _builder_version=&#8221;4.16&#8243; custom_padding_tablet=&#8221;50px|0|50px|0&#8243; transparent_background=&#8221;off&#8221; padding_mobile=&#8221;off&#8221; make_fullwidth=&#8221;off&#8221; use_custom_width=&#8221;off&#8221; width_unit=&#8221;off&#8221; custom_width_px=&#8221;1080px&#8221; custom_width_percent=&#8221;80%&#8221; global_colors_info=&#8221;{}&#8221; custom_padding_phone=&#8221;50px|0|50px|0&#8243;][et_pb_fullwidth_slider admin_label=&#8221;Fullwidth Slider (Produktbild)&#8221; _builder_version=&#8221;4.16&#8243; parallax=&#8221;on&#8221; custom_padding=&#8221;|||&#8221; custom_padding_tablet=&#8221;|||&#8221; custom_padding_phone=&#8221;|||&#8221; box_shadow_style=&#8221;preset6&#8243; box_shadow_blur=&#8221;10px&#8221; box_shadow_color=&#8221;rgba(0,0,0,0.1)&#8221; remove_inner_shadow=&#8221;off&#8221; hide_content_on_mobile=&#8221;off&#8221; hide_cta_on_mobile=&#8221;off&#8221; show_inner_shadow=&#8221;on&#8221; button_letter_spacing_hover=&#8221;0&#8243; global_colors_info=&#8221;{}&#8221; button_text_size__hover_enabled=&#8221;off&#8221; button_one_text_size__hover_enabled=&#8221;off&#8221; button_two_text_size__hover_enabled=&#8221;off&#8221; button_text_color__hover_enabled=&#8221;off&#8221; button_one_text_color__hover_enabled=&#8221;off&#8221; button_two_text_color__hover_enabled=&#8221;off&#8221; button_border_width__hover_enabled=&#8221;off&#8221; button_one_border_width__hover_enabled=&#8221;off&#8221; button_two_border_width__hover_enabled=&#8221;off&#8221; button_border_color__hover_enabled=&#8221;off&#8221; button_one_border_color__hover_enabled=&#8221;off&#8221; button_two_border_color__hover_enabled=&#8221;off&#8221; button_border_radius__hover_enabled=&#8221;off&#8221; button_one_border_radius__hover_enabled=&#8221;off&#8221; button_two_border_radius__hover_enabled=&#8221;off&#8221; button_letter_spacing__hover_enabled=&#8221;on&#8221; button_letter_spacing__hover=&#8221;0&#8243; button_one_letter_spacing__hover_enabled=&#8221;off&#8221; button_two_letter_spacing__hover_enabled=&#8221;off&#8221; button_bg_color__hover_enabled=&#8221;off&#8221; button_one_bg_color__hover_enabled=&#8221;off&#8221; button_two_bg_color__hover_enabled=&#8221;off&#8221;][et_pb_slide use_bg_overlay=&#8221;off&#8221; use_text_overlay=&#8221;off&#8221; _builder_version=&#8221;4.16&#8243; header_font=&#8221;||||&#8221; body_font=&#8221;||||&#8221; background_color=&#8221;#ffffff&#8221; background_image=&#8221;https:\/\/www.unterlass.info\/EN\/wp-content\/uploads\/2014\/03\/wp_slider_SD40.jpg&#8221; button_icon_placement=&#8221;right&#8221; button_on_hover=&#8221;on&#8221; global_colors_info=&#8221;{}&#8221; sticky_transition=&#8221;on&#8221; button_text_size__hover_enabled=&#8221;off&#8221; button_one_text_size__hover_enabled=&#8221;off&#8221; button_two_text_size__hover_enabled=&#8221;off&#8221; button_text_color__hover_enabled=&#8221;off&#8221; button_one_text_color__hover_enabled=&#8221;off&#8221; button_two_text_color__hover_enabled=&#8221;off&#8221; button_border_width__hover_enabled=&#8221;off&#8221; button_one_border_width__hover_enabled=&#8221;off&#8221; button_two_border_width__hover_enabled=&#8221;off&#8221; button_border_color__hover_enabled=&#8221;off&#8221; button_one_border_color__hover_enabled=&#8221;off&#8221; button_two_border_color__hover_enabled=&#8221;off&#8221; button_border_radius__hover_enabled=&#8221;off&#8221; button_one_border_radius__hover_enabled=&#8221;off&#8221; button_two_border_radius__hover_enabled=&#8221;off&#8221; button_letter_spacing__hover_enabled=&#8221;off&#8221; button_one_letter_spacing__hover_enabled=&#8221;off&#8221; button_two_letter_spacing__hover_enabled=&#8221;off&#8221; button_bg_color__hover_enabled=&#8221;off&#8221; button_one_bg_color__hover_enabled=&#8221;off&#8221; button_two_bg_color__hover_enabled=&#8221;off&#8221;] [\/et_pb_slide][\/et_pb_fullwidth_slider][\/et_pb_section][et_pb_section fb_built=&#8221;1&#8243; custom_padding_last_edited=&#8221;on|desktop&#8221; admin_label=&#8221;section&#8221; _builder_version=&#8221;4.16&#8243; custom_padding_tablet=&#8221;50px|0|50px|0&#8243; transparent_background=&#8221;off&#8221; padding_mobile=&#8221;off&#8221; make_fullwidth=&#8221;off&#8221; use_custom_width=&#8221;off&#8221; width_unit=&#8221;off&#8221; custom_width_px=&#8221;1080px&#8221; custom_width_percent=&#8221;80%&#8221; global_colors_info=&#8221;{}&#8221; custom_padding_phone=&#8221;50px|0|50px|0&#8243;][et_pb_row padding_mobile=&#8221;off&#8221; column_padding_mobile=&#8221;on&#8221; admin_label=&#8221;Row&#8221; _builder_version=&#8221;4.16&#8243; background_size=&#8221;initial&#8221; background_position=&#8221;top_left&#8221; background_repeat=&#8221;repeat&#8221; make_fullwidth=&#8221;off&#8221; use_custom_width=&#8221;off&#8221; width_unit=&#8221;off&#8221; custom_width_px=&#8221;1080px&#8221; custom_width_percent=&#8221;80%&#8221; global_colors_info=&#8221;{}&#8221;][et_pb_column type=&#8221;4_4&#8243; _builder_version=&#8221;4.16&#8243; custom_padding=&#8221;|||&#8221; global_colors_info=&#8221;{}&#8221; custom_padding__hover=&#8221;|||&#8221;][et_pb_blurb title=&#8221;FAQ&#8221; use_icon=&#8221;on&#8221; font_icon=&#8221;&#x74;||divi||400&#8243; icon_color=&#8221;#dddddd&#8221; image_icon_width=&#8221;96px&#8221; admin_label=&#8221;Blurb&#8221; _builder_version=&#8221;4.27.5&#8243; background_size=&#8221;initial&#8221; background_position=&#8221;top_left&#8221; background_repeat=&#8221;repeat&#8221; text_orientation=&#8221;center&#8221; hover_enabled=&#8221;0&#8243; use_border_color=&#8221;off&#8221; border_color=&#8221;#ffffff&#8221; border_width=&#8221;1px&#8221; border_style=&#8221;solid&#8221; image_max_width=&#8221;none&#8221; icon_font_size=&#8221;96px&#8221; use_circle=&#8221;off&#8221; use_circle_border=&#8221;off&#8221; circle_border_color=&#8221;#7EBEC5&#8243; circle_color=&#8221;#7EBEC5&#8243; global_colors_info=&#8221;{}&#8221; header_level=&#8221;h1&#8243; sticky_enabled=&#8221;0&#8243;]<\/p>\n<p>Frequently Asked Questions<\/p>\n<p>[\/et_pb_blurb][et_pb_accordion admin_label=&#8221;Accordion&#8221; _builder_version=&#8221;4.16&#8243; use_border_color=&#8221;off&#8221; border_color=&#8221;#ffffff&#8221; border_width=&#8221;1px&#8221; border_style=&#8221;solid&#8221; global_colors_info=&#8221;{}&#8221;][et_pb_accordion_item title=&#8221;Payment&#8221; _builder_version=&#8221;4.16&#8243; use_border_color=&#8221;off&#8221; border_color=&#8221;#ffffff&#8221; border_width=&#8221;1px&#8221; border_style=&#8221;solid&#8221; global_colors_info=&#8221;{}&#8221; open=&#8221;on&#8221;]Payment has to be done via bank transfer in advance. You get the IBAN \/ BIC codes from us.<br \/>\n[\/et_pb_accordion_item][et_pb_accordion_item title=&#8221;How will the furniture be delivered?&#8221; open=&#8221;off&#8221; _builder_version=&#8221;4.16&#8243; use_border_color=&#8221;off&#8221; border_color=&#8221;#ffffff&#8221; border_width=&#8221;1px&#8221; border_style=&#8221;solid&#8221; global_colors_info=&#8221;{}&#8221;]Every Furniture will be delivered in a wooden box, which has to be opened using a TORX TX 20 Screwdriver. Unless otherwise agreed, the transport company\u00a0unloads the box from the vehicle, but does\u00a0not carrie further into the home or business premises.<br \/>\n[\/et_pb_accordion_item][et_pb_accordion_item title=&#8221;Do UNTERLASS Studio Furniture have to be self-assembled?&#8221; _builder_version=&#8221;4.16&#8243; use_border_color=&#8221;off&#8221; border_color=&#8221;#ffffff&#8221; border_width=&#8221;1px&#8221; border_style=&#8221;solid&#8221; global_colors_info=&#8221;{}&#8221; open=&#8221;off&#8221;]Yes, but this is easy. A assembling instruction is provided with the furniture.<br \/>\n[\/et_pb_accordion_item][et_pb_accordion_item title=&#8221;How long does the production take?&#8221; _builder_version=&#8221;4.16&#8243; use_border_color=&#8221;off&#8221; border_color=&#8221;#ffffff&#8221; border_width=&#8221;1px&#8221; border_style=&#8221;solid&#8221; global_colors_info=&#8221;{}&#8221; open=&#8221;off&#8221;]<\/p>\n<p>Production time is 4 Weeks* from order. Since we have too many options and customers modifications, we normally do not have any furniture preproduced or in stock.<\/p>\n<p>*) Please note out production times before christmas:<br \/>\nOrders\u00a0in week\u00a046: 5 weeks, week\u00a047, 48: 7 weeks, week\u00a049 until\u00a0week 1\/2017: 6 weeks, from\u00a0week 2: 4\u00a0weeks<\/p>\n<p>[\/et_pb_accordion_item][et_pb_accordion_item title=&#8221;How long does the delivery take?&#8221; _builder_version=&#8221;4.16&#8243; use_border_color=&#8221;off&#8221; border_color=&#8221;#ffffff&#8221; border_width=&#8221;1px&#8221; border_style=&#8221;solid&#8221; global_colors_info=&#8221;{}&#8221; open=&#8221;off&#8221;]<\/p>\n<p>Depending on the destination, it takes 2-6 working days*. Customers will get a tracking information from the transport company to be informed.<\/p>\n<p>*) transport times are up to\u00a0the transport company, and can vary depending on the season (e.g. christmas\/new year)<\/p>\n<p>[\/et_pb_accordion_item][et_pb_accordion_item title=&#8221;What\u00b4s the maximum width of the keyboard using the DUODESK KEY 60?&#8221; _builder_version=&#8221;4.16&#8243; use_border_color=&#8221;off&#8221; border_color=&#8221;#ffffff&#8221; border_width=&#8221;1px&#8221; border_style=&#8221;solid&#8221; global_colors_info=&#8221;{}&#8221; open=&#8221;off&#8221;]The keyboard can be up to 170cm wide.<br \/>\n[\/et_pb_accordion_item][et_pb_accordion_item title=&#8221;What\u00b4s the finish of the DUODESK (KEY) 60 \u2013 glossy or satin?&#8221; _builder_version=&#8221;4.16&#8243; use_border_color=&#8221;off&#8221; border_color=&#8221;#ffffff&#8221; border_width=&#8221;1px&#8221; border_style=&#8221;solid&#8221; global_colors_info=&#8221;{}&#8221; open=&#8221;off&#8221;]Semi-gloss \/ satin.<br \/>\n[\/et_pb_accordion_item][et_pb_accordion_item title=&#8221;My UNTERLASS studio furniture seems not to be stable?&#8221; _builder_version=&#8221;4.16&#8243; use_border_color=&#8221;off&#8221; border_color=&#8221;#ffffff&#8221; border_width=&#8221;1px&#8221; border_style=&#8221;solid&#8221; global_colors_info=&#8221;{}&#8221; open=&#8221;off&#8221;]There\u00b4s only 1 reason: If you do not fasten the 4RU rack panels (which are included), the desk may not be as stable as it should be. Those are part of the construction, and also have to be added when selling\/buying a table on private market. If you are not sure what parts have to be included, just contact me.<br \/>\n[\/et_pb_accordion_item][et_pb_accordion_item title=&#8221;How to clean UNTERLASS studio furniture&#8221; _builder_version=&#8221;4.16&#8243; use_border_color=&#8221;off&#8221; border_color=&#8221;#ffffff&#8221; border_width=&#8221;1px&#8221; border_style=&#8221;solid&#8221; global_colors_info=&#8221;{}&#8221; open=&#8221;off&#8221;]Best using a dry microfiber cloth.<br \/>\n[\/et_pb_accordion_item][et_pb_accordion_item title=&#8221;What\u00b4s the proper handling with cage nuts?&#8221; _builder_version=&#8221;4.16&#8243; use_border_color=&#8221;off&#8221; border_color=&#8221;#ffffff&#8221; border_width=&#8221;1px&#8221; border_style=&#8221;solid&#8221; global_colors_info=&#8221;{}&#8221; open=&#8221;off&#8221;]The proper handling of cage nuts is shown in a short video: <a href=\"https:\/\/www.facebook.com\/120677344645258\/videos\/841376809241971\/\" target=\"_blank\" rel=\"noopener\">https:\/\/www.facebook.com\/120677344645258\/videos\/841376809241971\/<\/a><br \/>\n[\/et_pb_accordion_item][et_pb_accordion_item title=&#8221;Buying a used UNTERLASS studio furniture &#8211; what i need to know&#8221; _builder_version=&#8221;4.16&#8243; use_border_color=&#8221;off&#8221; border_color=&#8221;#ffffff&#8221; border_width=&#8221;1px&#8221; border_style=&#8221;solid&#8221; global_colors_info=&#8221;{}&#8221; open=&#8221;off&#8221;]<\/p>\n<p id=\"tw-target-text\" class=\"tw-data-text tw-ta tw-text-small\" dir=\"ltr\" data-placeholder=\"\u00dcbersetzung\"><span lang=\"en\">If you are looking for a used UNTERLASS studio furniture\u00a0(DUODESK 60, DUODESK KEY 60, SINGLEDESK 40, KEY 88), please contact us so we can inform you about the scope of delivery. If important parts are not kept or handed over to you, a furniture may not be assembled properly, which can lead to instability.<\/span><\/p>\n<p>[\/et_pb_accordion_item][\/et_pb_accordion][et_pb_button button_url=&#8221;mailto:info@studiotisch.com&#8221; button_text=&#8221;contact&#8221; button_alignment=&#8221;center&#8221; admin_label=&#8221;Button&#8221; _builder_version=&#8221;4.16&#8243; button_letter_spacing_hover=&#8221;0&#8243; global_colors_info=&#8221;{}&#8221; button_text_size__hover_enabled=&#8221;off&#8221; button_one_text_size__hover_enabled=&#8221;off&#8221; button_two_text_size__hover_enabled=&#8221;off&#8221; button_text_color__hover_enabled=&#8221;off&#8221; button_one_text_color__hover_enabled=&#8221;off&#8221; button_two_text_color__hover_enabled=&#8221;off&#8221; button_border_width__hover_enabled=&#8221;off&#8221; button_one_border_width__hover_enabled=&#8221;off&#8221; button_two_border_width__hover_enabled=&#8221;off&#8221; button_border_color__hover_enabled=&#8221;off&#8221; button_one_border_color__hover_enabled=&#8221;off&#8221; button_two_border_color__hover_enabled=&#8221;off&#8221; button_border_radius__hover_enabled=&#8221;off&#8221; button_one_border_radius__hover_enabled=&#8221;off&#8221; button_two_border_radius__hover_enabled=&#8221;off&#8221; button_letter_spacing__hover_enabled=&#8221;on&#8221; button_letter_spacing__hover=&#8221;0&#8243; button_one_letter_spacing__hover_enabled=&#8221;off&#8221; button_two_letter_spacing__hover_enabled=&#8221;off&#8221; button_bg_color__hover_enabled=&#8221;off&#8221; button_one_bg_color__hover_enabled=&#8221;off&#8221; button_two_bg_color__hover_enabled=&#8221;off&#8221;] [\/et_pb_button][\/et_pb_column][\/et_pb_row][et_pb_row padding_mobile=&#8221;off&#8221; column_padding_mobile=&#8221;on&#8221; admin_label=&#8221;Row&#8221; _builder_version=&#8221;4.16&#8243; background_size=&#8221;initial&#8221; background_position=&#8221;top_left&#8221; background_repeat=&#8221;repeat&#8221; make_fullwidth=&#8221;off&#8221; use_custom_width=&#8221;off&#8221; width_unit=&#8221;off&#8221; custom_width_px=&#8221;1080px&#8221; custom_width_percent=&#8221;80%&#8221; global_colors_info=&#8221;{}&#8221; column_structure=&#8221;1_2,1_2&#8243;][et_pb_column type=&#8221;1_2&#8243; _builder_version=&#8221;4.16&#8243; custom_padding=&#8221;|||&#8221; global_colors_info=&#8221;{}&#8221; custom_padding__hover=&#8221;|||&#8221;][et_pb_text admin_label=&#8221;Text (Produktbeschreibung)&#8221; _builder_version=&#8221;4.16&#8243; background_size=&#8221;initial&#8221; background_position=&#8221;top_left&#8221; background_repeat=&#8221;repeat&#8221; use_border_color=&#8221;off&#8221; border_style=&#8221;solid&#8221; global_colors_info=&#8221;{}&#8221;]Please do not hesitate to contact us, should you have any further questions. We will post the answer here<br \/>\n[\/et_pb_text][\/et_pb_column][et_pb_column type=&#8221;1_2&#8243; _builder_version=&#8221;4.16&#8243; custom_padding=&#8221;|||&#8221; global_colors_info=&#8221;{}&#8221; custom_padding__hover=&#8221;|||&#8221;][\/et_pb_column][\/et_pb_row][\/et_pb_section]<\/p>\n","protected":false},"excerpt":{"rendered":"<p>Frequently Asked QuestionsPayment has to be done via bank transfer in advance. You get the IBAN \/ BIC codes from us. Every Furniture will be delivered in a wooden box, which has to be opened using a TORX TX 20 Screwdriver. Unless otherwise agreed, the transport company\u00a0unloads the box from the vehicle, but does\u00a0not carrie [&hellip;]<\/p>\n","protected":false},"author":1,"featured_media":0,"parent":2205,"menu_order":0,"comment_status":"open","ping_status":"closed","template":"","meta":{"_et_pb_use_builder":"on","_et_pb_old_content":"<p><!--:de--><\/p><p>[one_half]<img class=\"alignnone size-medium wp-image-707\" title=\"DUODESK 60 deluxe zebrano\" src=\"https:\/\/www.unterlass.info\/EN\/wp-content\/uploads\/2012\/09\/Studio1.2-300x176.jpg\" alt=\"DUODESK 60 deluxe zebrano\" width=\"300\" height=\"176\" \/><\/p><p>[\/one_half]<\/p><p>[one_half_last]<\/p><h4>Wie wird der Tisch geliefert?<\/h4><p>Der Tisch wird zerlegt in einer Holzkiste per Spedition geliefert. Beim Aufschrauben der Kiste ist ein Torx Schraubendreher erforderlich.<\/p><h4>M\u00c3\u00bcssen die M\u00c3\u00b6bel selbst zusammengebaut werden?<\/h4><p>Ja. Es ist aber relativ einfach. Eine ausf\u00c3\u00bchrliche Aufbauanleitung liegt bei.<\/p><h4>Wie breit darf das Keyboard beim DUODESK KEY 60 sein?<\/h4><p>Das Keyboard wird auschlie\u00c3\u0178lich durch die Aussenbeine des Tisches begrenzt, somit ist auch Vewendung eines 1,70m gro\u00c3\u0178en Keyboards kein Problem.<\/p><h4>Ist der Lack\u00c2\u00a0des DUODESK 60\u00c2\u00a0gl\u00c3\u00a4nzend oder matt?<\/h4><p>Der verwendete Lack ist seidenmatt schwarz oder wei\u00c3\u0178.<\/p><h4>Wie lange betr\u00c3\u00a4gt die Produktionszeit ab Bestellung?<\/h4><p>Die Produktionszeit von UNTERLASS Studiom\u00c3\u00b6beln betr\u00c3\u00a4gt ca. 4 Wochen. Aufgrund der vielen Konfigurationsm\u00c3\u00b6glichkeiten und Optionen wird hier nicht im voraus produziert.<\/p><h4>Wie lange dauert die Lieferung?<\/h4><p>Abh\u00c3\u00a4ngig vom Lieferort betr\u00c3\u00a4gt die Zeit ab 3-4 Werktagen bis zu einer Woche. Sie bekommen rechtzeitig eine Trackinginformation, um \u00c3\u00bcber den Stand der Dinge informiert zu sein.<\/p><h4>Mein Studiotisch wackelt nach dem Aufbau?<\/h4><p>Grund: Unsachgem\u00c3\u00a4\u00c3\u0178er Aufbau. Die mitgelieferten 4HE Rackblenden der Sideracks (oder jedes andere beliebige Equipment) m\u00c3\u00bcssen fest verschraubt sein. Sie sind zwingender Bestandteil des Tisches und m\u00c3\u00bcssen auch im Falle eines Privatkaufes\/Verkaufes enthalten sein. Wenn Sie nicht sicher sind, was alles dabei sein muss, bitte ich um Kontaktaufnahme.<\/p><p>[\/one_half_last]<\/p><p><!--:--><!--:en-->[one_half]<br \/> <img class=\"alignnone size-medium wp-image-707\" title=\"DUODESK 60 deluxe zebrano\" src=\"https:\/\/www.unterlass.info\/EN\/wp-content\/uploads\/2012\/09\/Studio1.2-300x176.jpg\" alt=\"DUODESK 60 deluxe zebrano\" width=\"300\" height=\"176\" \/><br \/> [\/one_half]<\/p><p>[one_half_last]<\/p><h4>How will the furniture be delivered?<\/h4><p>Every Furniture will be delivered in a wooden box, which has to be opened using a TORX TX 20 Screwdriver.<\/p><h4>Do UNTERLASS Studio Furniture have to be self-assembled?<\/h4><p>Yes, but this is easy. A assembling instruction is provided with the furniture.<\/p><h4>What\u00c2\u00b4s the maximum width of the keyboard using the\u00c2\u00a0DUODESK KEY 60?<\/h4><p>The keyboard can be up to 170cm wide.<\/p><h4>What\u00c2\u00b4s the finish of the \u00c2\u00a0DUODESK (KEY) 60 - glossy or satin?<\/h4><p>Semi-gloss \/ satin.<\/p><h4>Woh long does the production take?<\/h4><p>Production time is 4 Weeks from order. Since we have too many options and customers modifications, we normally do not have any furniture preproduced or in stock.<\/p><h4>How long does the delivery take?<\/h4><p>Depending on the destination, it takes 2-6 working days. Customers will get a tracking information from the transport company to be informed.<\/p><h4>My UNTERLASS studio furniture seems not to be stable?<\/h4><p>There\u00c2\u00b4s only 1 reason: If you do not fasten the 4RU rack panels (which are included), the desk may not be as stable as it should be. Those are part of the construction, and also have to be added when selling\/buying a table on private market. If you are not sure what parts have to be included, just contact me.<\/p><p>[\/one_half_last]<!--:--><!--:zh--><\/p><p>[one_half]<img class=\"alignleft size-medium wp-image-112\" title=\"duodesk60\" src=\"https:\/\/www.unterlass.info\/EN\/wp-content\/uploads\/2012\/01\/duodesk60-300x171.png\" alt=\"UNTERLASS DUODESK 60\" width=\"300\" height=\"171\" \/><\/p><p>[\/one_half]<\/p><p>[one_half_last]<\/p><h4>Wie wird der Tisch geliefert?<\/h4><p>Der Tisch wird in einer Holzkiste (200 x 120 x 25cm) per Spedition geliefert. Beim Aufschrauben der Kiste ist ein Torx Schraubendreher erforderlich.\u00c2\u00a0<\/p><h4>M\u00c3\u00bcssen die M\u00c3\u00b6bel selbst zusammengebaut werden?<\/h4><p>Ja. Es ist aber relativ einfach. Eine ausf\u00c3\u00bchrliche Aufbauanleitung liegt bei.\u00c2\u00a0<\/p><h4>Wie breit darf das Keyboard beim DUODESK KEY 60 sein?<\/h4><p>Das Keyboard wird auschlie\u00c3\u0178lich durch die Aussenbeine des \u00c2\u00a0Tisches begrenzt, somit ist auch Vewendung eines 1,70m gro\u00c3\u0178en Keyboards kein Problem.<\/p><h4>Ist der Lack gl\u00c3\u00a4nzend oder matt?<\/h4><p>Der verwendete Lack ist seidenmatt schwarz oder wei\u00c3\u0178.[\/one_half_last]<\/p><p><!--:--><\/p>","_et_gb_content_width":"","footnotes":""},"class_list":["post-316","page","type-page","status-publish","hentry"],"_links":{"self":[{"href":"https:\/\/www.unterlass.info\/EN\/wp-json\/wp\/v2\/pages\/316","targetHints":{"allow":["GET"]}}],"collection":[{"href":"https:\/\/www.unterlass.info\/EN\/wp-json\/wp\/v2\/pages"}],"about":[{"href":"https:\/\/www.unterlass.info\/EN\/wp-json\/wp\/v2\/types\/page"}],"author":[{"embeddable":true,"href":"https:\/\/www.unterlass.info\/EN\/wp-json\/wp\/v2\/users\/1"}],"replies":[{"embeddable":true,"href":"https:\/\/www.unterlass.info\/EN\/wp-json\/wp\/v2\/comments?post=316"}],"version-history":[{"count":9,"href":"https:\/\/www.unterlass.info\/EN\/wp-json\/wp\/v2\/pages\/316\/revisions"}],"predecessor-version":[{"id":3122,"href":"https:\/\/www.unterlass.info\/EN\/wp-json\/wp\/v2\/pages\/316\/revisions\/3122"}],"up":[{"embeddable":true,"href":"https:\/\/www.unterlass.info\/EN\/wp-json\/wp\/v2\/pages\/2205"}],"wp:attachment":[{"href":"https:\/\/www.unterlass.info\/EN\/wp-json\/wp\/v2\/media?parent=316"}],"curies":[{"name":"wp","href":"https:\/\/api.w.org\/{rel}","templated":true}]}}